{"id":398,"date":"2024-07-23T08:31:11","date_gmt":"2024-07-23T08:31:11","guid":{"rendered":"https:\/\/fincasonvidal.com\/datenschutzbestimmungen\/"},"modified":"2024-07-24T11:44:34","modified_gmt":"2024-07-24T11:44:34","slug":"datenschutzbestimmungen","status":"publish","type":"page","link":"https:\/\/fincasonvidal.com\/de\/datenschutzbestimmungen\/","title":{"rendered":"Datenschutzbestimmungen"},"content":{"rendered":"<p>[et_pb_section fb_built=&#8220;1&#8243; custom_padding_last_edited=&#8220;on|phone&#8220; module_id=&#8220;Vorteile&#8220; _builder_version=&#8220;4.20.4&#8243; _module_preset=&#8220;default&#8220; use_background_color_gradient=&#8220;on&#8220; background_color_gradient_stops=&#8220;rgba(241,249,249,0.98) 0%|rgba(241,249,249,0.98) 100%&#8220; background_color_gradient_overlays_image=&#8220;on&#8220; background_image=&#8220;https:\/\/fincasonvidal.com\/wp-content\/uploads\/2024\/07\/hotel-16-a-vrj-9.jpg&#8220; custom_margin=&#8220;0px||0px||false|false&#8220; custom_padding=&#8220;120px||111px||false|false&#8220; custom_padding_tablet=&#8220;120px||111px||false|false&#8220; custom_padding_phone=&#8220;90px||80px||false|false&#8220; locked=&#8220;off&#8220; global_colors_info=&#8220;{}&#8220;][et_pb_row _builder_version=&#8220;4.20.4&#8243; _module_preset=&#8220;default&#8220; custom_margin=&#8220;0px||32px||false|false&#8220; custom_padding=&#8220;0px||0px||false|false&#8220; global_colors_info=&#8220;{}&#8220;][et_pb_column type=&#8220;4_4&#8243; _builder_version=&#8220;4.22.2&#8243; _module_preset=&#8220;default&#8220; global_colors_info=&#8220;{}&#8220;][et_pb_text _builder_version=&#8220;4.27.0&#8243; _module_preset=&#8220;default&#8220; header_4_font=&#8220;Marcellus|700|||||||&#8220; header_4_text_align=&#8220;center&#8220; header_4_text_color=&#8220;#395846&#8243; header_4_font_size=&#8220;14px&#8220; header_4_letter_spacing=&#8220;2px&#8220; header_4_line_height=&#8220;1.2em&#8220; custom_margin=&#8220;0px||11px||false|false&#8220; custom_padding=&#8220;0px||0px||false|false&#8220; global_colors_info=&#8220;{}&#8220;]<\/p>\n<h4>RECHTLICHES<\/h4>\n<p>[\/et_pb_text][et_pb_text _builder_version=&#8220;4.27.0&#8243; _module_preset=&#8220;default&#8220; header_font=&#8220;Marcellus||||||||&#8220; header_text_color=&#8220;#395846&#8243; header_font_size=&#8220;42px&#8220; header_2_font=&#8220;Marcellus||||||||&#8220; header_2_text_align=&#8220;center&#8220; header_2_text_color=&#8220;#395846&#8243; header_2_font_size=&#8220;52px&#8220; header_2_line_height=&#8220;1.1em&#8220; custom_margin=&#8220;0px||0px||false|false&#8220; custom_padding=&#8220;0px||0px||false|false&#8220; header_font_size_tablet=&#8220;38px&#8220; header_font_size_phone=&#8220;34px&#8220; header_font_size_last_edited=&#8220;on|phone&#8220; header_2_font_size_tablet=&#8220;52px&#8220; header_2_font_size_phone=&#8220;28px&#8220; header_2_font_size_last_edited=&#8220;on|phone&#8220; global_colors_info=&#8220;{}&#8220;]<\/p>\n<h1 style=\"text-align: center;\">Datenschutzbestimmungen<\/h1>\n<p>[\/et_pb_text][\/et_pb_column][\/et_pb_row][et_pb_row _builder_version=&#8220;4.27.0&#8243; _module_preset=&#8220;default&#8220; global_colors_info=&#8220;{}&#8220;][et_pb_column type=&#8220;4_4&#8243; _builder_version=&#8220;4.27.0&#8243; _module_preset=&#8220;default&#8220; global_colors_info=&#8220;{}&#8220;][et_pb_text _builder_version=&#8220;4.27.0&#8243; _module_preset=&#8220;default&#8220; text_font=&#8220;Manrope||||||||&#8220; text_text_color=&#8220;#797c7f&#8220; text_font_size=&#8220;17px&#8220; text_line_height=&#8220;1.4em&#8220; header_3_font=&#8220;Manrope||||||||&#8220; header_3_text_color=&#8220;#395846&#8243; header_3_font_size=&#8220;24px&#8220; global_colors_info=&#8220;{}&#8220;]<\/p>\n<h3>Was ist Lorem Ipsum?<\/h3>\n<p>Lorem Ipsum ist einfach der F\u00fclltext von Druckerpressen und Textarchiven. Lorem Ipsum ist der Standardf\u00fclltext der Industrie seit 1500, als ein unbekannter Drucker eine Galerie von Texten benutzte und sie so mischte, dass er ein Musterbuch mit Texten erstellen konnte. Er \u00fcberlebte nicht nur 500 Jahre, sondern fand auch als F\u00fclltext Eingang in elektronische Dokumente, wobei er im Wesentlichen mit dem Original identisch blieb. Popul\u00e4r wurde es in den 1960er Jahren durch die Schaffung von Letraset&#8220;-Bl\u00e4ttern, die Lorem-Ipsum-Passagen enthielten, und in j\u00fcngerer Zeit durch Desktop-Publishing-Software wie Aldus PageMaker, die Versionen von Lorem Ipsum enth\u00e4lt.<\/p>\n<h3>Was ist Lorem Ipsum?<\/h3>\n<p>Lorem Ipsum ist einfach der F\u00fclltext in Druckmaschinen und Textdateien. Lorem Ipsum ist der Standardf\u00fclltext der Industrie seit 1500, als ein unbekannter Drucker eine Galerie von Texten verwendete und sie so mischte, dass er ein Buch mit Mustertexten erstellen konnte. Er \u00fcberlebte nicht nur 500 Jahre, sondern fand auch seinen Weg in elektronische Dokumente als F\u00fclltext, wobei er im Wesentlichen mit dem Original identisch blieb. Popul\u00e4r wurde es in den 1960er Jahren durch die Schaffung von Letraset&#8220;-Bl\u00e4ttern, die Lorem-Ipsum-Passagen enthielten, und in j\u00fcngerer Zeit durch Desktop-Publishing-Software wie Aldus PageMaker, die Versionen von Lorem Ipsum enth\u00e4lt.<\/p>\n<h3>Was ist Lorem Ipsum?<\/h3>\n<p>Lorem Ipsum ist einfach der F\u00fclltext in Druckmaschinen und Textdateien. Lorem Ipsum ist der Standardf\u00fclltext der Industrie seit 1500, als ein unbekannter Drucker eine Galerie von Texten verwendete und sie so mischte, dass er ein Buch mit Mustertexten erstellen konnte. Er \u00fcberlebte nicht nur 500 Jahre, sondern fand auch seinen Weg in elektronische Dokumente als F\u00fclltext, wobei er im Wesentlichen mit dem Original identisch blieb. Popul\u00e4r wurde es in den 1960er Jahren durch die Schaffung von Letraset&#8220;-Bl\u00e4ttern, die Lorem-Ipsum-Passagen enthielten, und in j\u00fcngerer Zeit durch Desktop-Publishing-Software wie Aldus PageMaker, die Versionen von Lorem Ipsum enth\u00e4lt.<\/p>\n<h3>Was ist Lorem Ipsum?<\/h3>\n<p>Lorem Ipsum ist einfach der F\u00fclltext in Druckmaschinen und Textdateien. Lorem Ipsum ist der Standardf\u00fclltext der Industrie seit 1500, als ein unbekannter Drucker eine Galerie von Texten verwendete und sie so mischte, dass er ein Buch mit Mustertexten erstellen konnte. Er \u00fcberlebte nicht nur 500 Jahre, sondern fand auch seinen Weg in elektronische Dokumente als F\u00fclltext, wobei er im Wesentlichen mit dem Original identisch blieb. Popul\u00e4r wurde es in den 1960er Jahren durch die Schaffung von Letraset&#8220;-Bl\u00e4ttern, die Lorem-Ipsum-Passagen enthielten, und in j\u00fcngerer Zeit durch Desktop-Publishing-Software wie Aldus PageMaker, die Versionen von Lorem Ipsum enth\u00e4lt.<\/p>\n<p>[\/et_pb_text][\/et_pb_column][\/et_pb_row][\/et_pb_section]<\/p>\n","protected":false},"excerpt":{"rendered":"<p>RECHTLICHESDatenschutzbestimmungenWas ist Lorem Ipsum? Lorem Ipsum ist einfach der F\u00fclltext von Druckerpressen und Textarchiven. Lorem Ipsum ist der Standardf\u00fclltext der Industrie seit 1500, als ein unbekannter Drucker eine Galerie von Texten benutzte und sie so mischte, dass er ein Musterbuch mit Texten erstellen konnte. Er \u00fcberlebte nicht nur 500 Jahre, sondern fand auch als F\u00fclltext [&hellip;]<\/p>\n","protected":false},"author":1,"featured_media":0,"parent":0,"menu_order":0,"comment_status":"closed","ping_status":"closed","template":"","meta":{"_et_pb_use_builder":"on","_et_pb_old_content":"","_et_gb_content_width":"","footnotes":""},"class_list":["post-398","page","type-page","status-publish","hentry"],"yoast_head":"<!-- This site is optimized with the Yoast SEO plugin v27.1.1 - https:\/\/yoast.com\/product\/yoast-seo-wordpress\/ -->\n<title>Datenschutzbestimmungen - Finca Son Vidal<\/title>\n<meta name=\"robots\" content=\"index, follow, max-snippet:-1, max-image-preview:large, max-video-preview:-1\" \/>\n<link rel=\"canonical\" href=\"https:\/\/fincasonvidal.com\/de\/datenschutzbestimmungen\/\" \/>\n<meta property=\"og:locale\" content=\"de_DE\" \/>\n<meta property=\"og:type\" content=\"article\" \/>\n<meta property=\"og:title\" content=\"Datenschutzbestimmungen - Finca Son Vidal\" \/>\n<meta property=\"og:description\" content=\"RECHTLICHESDatenschutzbestimmungenWas ist Lorem Ipsum? Lorem Ipsum ist einfach der F\u00fclltext von Druckerpressen und Textarchiven. Lorem Ipsum ist der Standardf\u00fclltext der Industrie seit 1500, als ein unbekannter Drucker eine Galerie von Texten benutzte und sie so mischte, dass er ein Musterbuch mit Texten erstellen konnte. Er \u00fcberlebte nicht nur 500 Jahre, sondern fand auch als F\u00fclltext [&hellip;]\" \/>\n<meta property=\"og:url\" content=\"https:\/\/fincasonvidal.com\/de\/datenschutzbestimmungen\/\" \/>\n<meta property=\"og:site_name\" content=\"Finca Son Vidal\" \/>\n<meta property=\"article:modified_time\" content=\"2024-07-24T11:44:34+00:00\" \/>\n<meta name=\"twitter:card\" content=\"summary_large_image\" \/>\n<meta name=\"twitter:label1\" content=\"Gesch\u00e4tzte Lesezeit\" \/>\n\t<meta name=\"twitter:data1\" content=\"4\u00a0Minuten\" \/>\n<script type=\"application\/ld+json\" class=\"yoast-schema-graph\">{\"@context\":\"https:\/\/schema.org\",\"@graph\":[{\"@type\":\"WebPage\",\"@id\":\"https:\/\/fincasonvidal.com\/de\/datenschutzbestimmungen\/\",\"url\":\"https:\/\/fincasonvidal.com\/de\/datenschutzbestimmungen\/\",\"name\":\"Datenschutzbestimmungen - Finca Son Vidal\",\"isPartOf\":{\"@id\":\"https:\/\/fincasonvidal.com\/de\/#website\"},\"datePublished\":\"2024-07-23T08:31:11+00:00\",\"dateModified\":\"2024-07-24T11:44:34+00:00\",\"breadcrumb\":{\"@id\":\"https:\/\/fincasonvidal.com\/de\/datenschutzbestimmungen\/#breadcrumb\"},\"inLanguage\":\"de\",\"potentialAction\":[{\"@type\":\"ReadAction\",\"target\":[\"https:\/\/fincasonvidal.com\/de\/datenschutzbestimmungen\/\"]}]},{\"@type\":\"BreadcrumbList\",\"@id\":\"https:\/\/fincasonvidal.com\/de\/datenschutzbestimmungen\/#breadcrumb\",\"itemListElement\":[{\"@type\":\"ListItem\",\"position\":1,\"name\":\"Portada\",\"item\":\"https:\/\/fincasonvidal.com\/de\/\"},{\"@type\":\"ListItem\",\"position\":2,\"name\":\"Datenschutzbestimmungen\"}]},{\"@type\":\"WebSite\",\"@id\":\"https:\/\/fincasonvidal.com\/de\/#website\",\"url\":\"https:\/\/fincasonvidal.com\/de\/\",\"name\":\"Finca Son Vidal\",\"description\":\"Tu refugio perfecto para descansar y disfrutar.\",\"potentialAction\":[{\"@type\":\"SearchAction\",\"target\":{\"@type\":\"EntryPoint\",\"urlTemplate\":\"https:\/\/fincasonvidal.com\/de\/?s={search_term_string}\"},\"query-input\":{\"@type\":\"PropertyValueSpecification\",\"valueRequired\":true,\"valueName\":\"search_term_string\"}}],\"inLanguage\":\"de\"}]}<\/script>\n<!-- \/ Yoast SEO plugin. -->","yoast_head_json":{"title":"Datenschutzbestimmungen - Finca Son Vidal","robots":{"index":"index","follow":"follow","max-snippet":"max-snippet:-1","max-image-preview":"max-image-preview:large","max-video-preview":"max-video-preview:-1"},"canonical":"https:\/\/fincasonvidal.com\/de\/datenschutzbestimmungen\/","og_locale":"de_DE","og_type":"article","og_title":"Datenschutzbestimmungen - Finca Son Vidal","og_description":"RECHTLICHESDatenschutzbestimmungenWas ist Lorem Ipsum? Lorem Ipsum ist einfach der F\u00fclltext von Druckerpressen und Textarchiven. Lorem Ipsum ist der Standardf\u00fclltext der Industrie seit 1500, als ein unbekannter Drucker eine Galerie von Texten benutzte und sie so mischte, dass er ein Musterbuch mit Texten erstellen konnte. Er \u00fcberlebte nicht nur 500 Jahre, sondern fand auch als F\u00fclltext [&hellip;]","og_url":"https:\/\/fincasonvidal.com\/de\/datenschutzbestimmungen\/","og_site_name":"Finca Son Vidal","article_modified_time":"2024-07-24T11:44:34+00:00","twitter_card":"summary_large_image","twitter_misc":{"Gesch\u00e4tzte Lesezeit":"4\u00a0Minuten"},"schema":{"@context":"https:\/\/schema.org","@graph":[{"@type":"WebPage","@id":"https:\/\/fincasonvidal.com\/de\/datenschutzbestimmungen\/","url":"https:\/\/fincasonvidal.com\/de\/datenschutzbestimmungen\/","name":"Datenschutzbestimmungen - Finca Son Vidal","isPartOf":{"@id":"https:\/\/fincasonvidal.com\/de\/#website"},"datePublished":"2024-07-23T08:31:11+00:00","dateModified":"2024-07-24T11:44:34+00:00","breadcrumb":{"@id":"https:\/\/fincasonvidal.com\/de\/datenschutzbestimmungen\/#breadcrumb"},"inLanguage":"de","potentialAction":[{"@type":"ReadAction","target":["https:\/\/fincasonvidal.com\/de\/datenschutzbestimmungen\/"]}]},{"@type":"BreadcrumbList","@id":"https:\/\/fincasonvidal.com\/de\/datenschutzbestimmungen\/#breadcrumb","itemListElement":[{"@type":"ListItem","position":1,"name":"Portada","item":"https:\/\/fincasonvidal.com\/de\/"},{"@type":"ListItem","position":2,"name":"Datenschutzbestimmungen"}]},{"@type":"WebSite","@id":"https:\/\/fincasonvidal.com\/de\/#website","url":"https:\/\/fincasonvidal.com\/de\/","name":"Finca Son Vidal","description":"Tu refugio perfecto para descansar y disfrutar.","potentialAction":[{"@type":"SearchAction","target":{"@type":"EntryPoint","urlTemplate":"https:\/\/fincasonvidal.com\/de\/?s={search_term_string}"},"query-input":{"@type":"PropertyValueSpecification","valueRequired":true,"valueName":"search_term_string"}}],"inLanguage":"de"}]}},"_links":{"self":[{"href":"https:\/\/fincasonvidal.com\/de\/wp-json\/wp\/v2\/pages\/398","targetHints":{"allow":["GET"]}}],"collection":[{"href":"https:\/\/fincasonvidal.com\/de\/wp-json\/wp\/v2\/pages"}],"about":[{"href":"https:\/\/fincasonvidal.com\/de\/wp-json\/wp\/v2\/types\/page"}],"author":[{"embeddable":true,"href":"https:\/\/fincasonvidal.com\/de\/wp-json\/wp\/v2\/users\/1"}],"replies":[{"embeddable":true,"href":"https:\/\/fincasonvidal.com\/de\/wp-json\/wp\/v2\/comments?post=398"}],"version-history":[{"count":4,"href":"https:\/\/fincasonvidal.com\/de\/wp-json\/wp\/v2\/pages\/398\/revisions"}],"predecessor-version":[{"id":420,"href":"https:\/\/fincasonvidal.com\/de\/wp-json\/wp\/v2\/pages\/398\/revisions\/420"}],"wp:attachment":[{"href":"https:\/\/fincasonvidal.com\/de\/wp-json\/wp\/v2\/media?parent=398"}],"curies":[{"name":"wp","href":"https:\/\/api.w.org\/{rel}","templated":true}]}}