{"id":407,"date":"2024-07-23T08:31:56","date_gmt":"2024-07-23T08:31:56","guid":{"rendered":"https:\/\/fincasonvidal.com\/rechtlicher-hinweis\/"},"modified":"2024-07-25T08:05:22","modified_gmt":"2024-07-25T08:05:22","slug":"rechtlicher-hinweis","status":"publish","type":"page","link":"https:\/\/fincasonvidal.com\/de\/rechtlicher-hinweis\/","title":{"rendered":"Rechtlicher Hinweis"},"content":{"rendered":"<p>[et_pb_section fb_built=&#8220;1&#8243; custom_padding_last_edited=&#8220;on|phone&#8220; module_id=&#8220;Vorteile&#8220; _builder_version=&#8220;4.20.4&#8243; _module_preset=&#8220;default&#8220; use_background_color_gradient=&#8220;on&#8220; background_color_gradient_stops=&#8220;rgba(241,249,249,0.98) 0%|rgba(241,249,249,0.98) 100%&#8220; background_color_gradient_overlays_image=&#8220;on&#8220; background_image=&#8220;https:\/\/fincasonvidal.com\/wp-content\/uploads\/2024\/07\/hotel-16-a-vrj-9.jpg&#8220; custom_margin=&#8220;0px||0px||false|false&#8220; custom_padding=&#8220;120px||111px||false|false&#8220; custom_padding_tablet=&#8220;120px||111px||false|false&#8220; custom_padding_phone=&#8220;90px||80px||false|false&#8220; locked=&#8220;off&#8220; global_colors_info=&#8220;{}&#8220;][et_pb_row _builder_version=&#8220;4.20.4&#8243; _module_preset=&#8220;default&#8220; custom_margin=&#8220;0px||32px||false|false&#8220; custom_padding=&#8220;0px||0px||false|false&#8220; global_colors_info=&#8220;{}&#8220;][et_pb_column type=&#8220;4_4&#8243; _builder_version=&#8220;4.22.2&#8243; _module_preset=&#8220;default&#8220; global_colors_info=&#8220;{}&#8220;][et_pb_text _builder_version=&#8220;4.27.0&#8243; _module_preset=&#8220;default&#8220; header_4_font=&#8220;Marcellus|700|||||||&#8220; header_4_text_align=&#8220;center&#8220; header_4_text_color=&#8220;#395846&#8243; header_4_font_size=&#8220;14px&#8220; header_4_letter_spacing=&#8220;2px&#8220; header_4_line_height=&#8220;1.2em&#8220; custom_margin=&#8220;0px||11px||false|false&#8220; custom_padding=&#8220;0px||0px||false|false&#8220; global_colors_info=&#8220;{}&#8220;]<\/p>\n<h4>RECHTLICHES<\/h4>\n<p>[\/et_pb_text][et_pb_text _builder_version=&#8220;4.27.0&#8243; _module_preset=&#8220;default&#8220; header_font=&#8220;Marcellus||||||||&#8220; header_text_color=&#8220;#395846&#8243; header_font_size=&#8220;42px&#8220; header_2_font=&#8220;Marcellus||||||||&#8220; header_2_text_align=&#8220;center&#8220; header_2_text_color=&#8220;#395846&#8243; header_2_font_size=&#8220;52px&#8220; header_2_line_height=&#8220;1.1em&#8220; custom_margin=&#8220;0px||0px||false|false&#8220; custom_padding=&#8220;0px||0px||false|false&#8220; header_font_size_tablet=&#8220;38px&#8220; header_font_size_phone=&#8220;34px&#8220; header_font_size_last_edited=&#8220;on|phone&#8220; header_2_font_size_tablet=&#8220;52px&#8220; header_2_font_size_phone=&#8220;28px&#8220; header_2_font_size_last_edited=&#8220;on|phone&#8220; global_colors_info=&#8220;{}&#8220;]<\/p>\n<h1 style=\"text-align: center;\">Rechtlicher Hinweis<\/h1>\n<p>[\/et_pb_text][\/et_pb_column][\/et_pb_row][et_pb_row _builder_version=&#8220;4.27.0&#8243; _module_preset=&#8220;default&#8220; locked=&#8220;off&#8220; global_colors_info=&#8220;{}&#8220;][et_pb_column type=&#8220;4_4&#8243; _builder_version=&#8220;4.27.0&#8243; _module_preset=&#8220;default&#8220; global_colors_info=&#8220;{}&#8220;][et_pb_text _builder_version=&#8220;4.27.0&#8243; _module_preset=&#8220;default&#8220; text_font=&#8220;Manrope||||||||&#8220; text_text_color=&#8220;#797c7f&#8220; text_font_size=&#8220;17px&#8220; text_line_height=&#8220;1.4em&#8220; header_3_font=&#8220;Manrope||||||||&#8220; header_3_text_color=&#8220;#395846&#8243; header_3_font_size=&#8220;24px&#8220; global_colors_info=&#8220;{}&#8220;]<\/p>\n<p>Gem\u00e4\u00df dem spanischen Gesetz 34\/2002 \u00fcber die Dienste der Informationsgesellschaft und den elektronischen Handel informieren wir Sie dar\u00fcber, dass diese Website Eigentum von <strong>Gestores de Establecimientos Vacacionales<\/strong> Mallorca SL, B70721634, mit Sitz in C\/ Antelmo Obrador, 4, 07630 Campos, (Balearen, Spanien) ist.<\/p>\n<p>Bei Fragen oder Anregungen zu diesem rechtlichen Hinweis wenden Sie sich bitte per E-Mail an <a href=\"mailto:hola@vacacionalmallorca.com\">hola@vacacionalmallorca.com<\/a><\/p>\n<p>Diese Website unterliegt den ausschlie\u00dflich in Spanien geltenden Vorschriften, denen sowohl Inl\u00e4nder als auch Ausl\u00e4nder, die diese Website nutzen, unterliegen.<\/p>\n<p>Der Zugang zu unserer Website durch den BENUTZER ist kostenlos und unterliegt der vorherigen Lekt\u00fcre und der vollst\u00e4ndigen, ausdr\u00fccklichen und uneingeschr\u00e4nkten Annahme der vorliegenden ALLGEMEINEN NUTZUNGSBEDINGUNGEN, die zum Zeitpunkt des Zugangs gelten und die wir Sie bitten, sorgf\u00e4ltig zu lesen. Der BENUTZER akzeptiert und unterwirft sich bei der Nutzung unseres Portals, seiner Inhalte oder Dienstleistungen ausdr\u00fccklich den allgemeinen Nutzungsbedingungen. Wenn der BENUTZER mit diesen Nutzungsbedingungen nicht einverstanden ist, muss er davon absehen, dieses Portal zu benutzen und \u00fcber es zu arbeiten.<\/p>\n<p>Wir k\u00f6nnen jederzeit einseitig und ohne Vorank\u00fcndigung die Pr\u00e4sentation und Konfiguration unserer Website \u00e4ndern, Dienste erweitern oder einschr\u00e4nken und sie sogar aus dem Netz entfernen, ebenso wie die angebotenen Dienste und Inhalte.<\/p>\n<h3>A.Geistiges Eigentum<\/h3>\n<p>Alle Inhalte, Texte, Bilder und Quellcodes sind Eigentum der Gesellschaft oder von Dritten, von denen die Nutzungsrechte erworben wurden, und sind durch geistige und gewerbliche Eigentumsrechte gesch\u00fctzt.<\/p>\n<p>Der Nutzer darf sie nur privat und nicht gewinnorientiert nutzen und ben\u00f6tigt die ausdr\u00fcckliche Genehmigung des Unternehmens und\/oder des Inhabers der Rechte, um sie zu ver\u00e4ndern, zu vervielf\u00e4ltigen, zu nutzen, zu verbreiten oder jedes andere Recht, das dem Inhaber zusteht, auszu\u00fcben.<\/p>\n<p>Die Einrichtung von Links zu unserer Website verleiht keinerlei Rechte daran und ist ausschlie\u00dflich dazu berechtigt, den Zugang zu unserer Website zu erm\u00f6glichen, und die vollst\u00e4ndige oder teilweise Wiedergabe der Bilder und Inhalte unserer Website auf anderen Seiten ist verboten. Ebenso gibt die blo\u00dfe Tatsache, einen Link zu unserer Website einzurichten, nicht das Recht, als Mitarbeiter oder Partner der Gesellschaft eingestuft zu werden.<\/p>\n<p>Die vollst\u00e4ndige oder teilweise Nachahmung unserer Website ist strengstens untersagt.<\/p>\n<h3>B. Bedingungen f\u00fcr den Zugang<\/h3>\n<p>Der Zugang zu unserer Website ist kostenlos und erfordert keine vorherige Anmeldung oder Registrierung. Die Gesellschaft beh\u00e4lt sich jedoch das Recht vor, Dienste anzubieten, die eine vorherige Registrierung des Nutzers erfordern. In jedem Fall werden diese Dienste auf der Website ordnungsgem\u00e4\u00df gekennzeichnet und mit einfachen Anweisungen f\u00fcr die Registrierung versehen.<\/p>\n<p>Der Nutzer muss unsere Website nach Treu und Glauben, den Regeln der \u00f6ffentlichen Ordnung und den vorliegenden Allgemeinen Nutzungsbedingungen nutzen. Der Zugang zu unserer Website erfolgt auf ausschlie\u00dfliche Verantwortung des Nutzers, der in jedem Fall f\u00fcr alle Sch\u00e4den haftet, die Dritten oder uns entstehen k\u00f6nnen.<\/p>\n<p>Dem Nutzer ist es ausdr\u00fccklich untersagt, die auf dieser Website angebotenen Dienste und Inhalte auf andere Weise als in diesen Nutzungsbedingungen und gegebenenfalls in den besonderen Bedingungen f\u00fcr den Erwerb bestimmter Dienste vorgesehen zu nutzen und zu erhalten.<\/p>\n<p>In Anbetracht der Unm\u00f6glichkeit, die Informationen, Inhalte und Dienstleistungen anderer Websites zu kontrollieren, auf die \u00fcber die von unserer Website zur Verf\u00fcgung gestellten Links zugegriffen werden kann, informieren wir Sie dar\u00fcber, dass das Unternehmen von jeglicher Haftung f\u00fcr Sch\u00e4den jeglicher Art befreit ist, die sich aus der Nutzung dieser Websites au\u00dferhalb unseres Unternehmens durch den Nutzer ergeben k\u00f6nnen.<\/p>\n<p>Das Unternehmen beh\u00e4lt sich das Recht vor, angemessene rechtliche Schritte gegen diejenigen BENUTZER einzuleiten, die gegen die vorliegenden allgemeinen Nutzungsbedingungen versto\u00dfen, und der BENUTZER akzeptiert, dass die Nichteinleitung solcher Schritte keinen f\u00f6rmlichen Verzicht darauf darstellt und dass solche Schritte bis zum Ablauf der Verj\u00e4hrungsfrist f\u00fcr Verst\u00f6\u00dfe in Kraft bleiben.<\/p>\n<h3>C. Schutz der pers\u00f6nlichen Daten<\/h3>\n<p>Vertraulichkeit, Berufsgeheimnis und Sicherheit sind grundlegende Werte des Unternehmens, das sich verpflichtet, die Privatsph\u00e4re des Nutzers oder Besuchers jederzeit und bei allen Interaktionen mit ihm zu gew\u00e4hrleisten. Das Unternehmen verpflichtet sich auch, keine unn\u00f6tigen Informationen \u00fcber den Benutzer zu sammeln. Ebenso verpflichten wir uns, die pers\u00f6nlichen Daten, die der Benutzer \u00fcber unsere Website zur Verf\u00fcgung stellt, mit \u00e4u\u00dferster Sorgfalt zu behandeln.<\/p>\n<p>In \u00dcbereinstimmung mit dem Organgesetz 15\/1999 \u00fcber den Schutz personenbezogener Daten (LOPD) und dem K\u00f6niglichen Erlass 1720\/2007 zur Umsetzung des LOPD informieren wir Sie dar\u00fcber, dass die Nutzung bestimmter Dienstleistungen auf unserer Website die \u00dcbermittlung bestimmter personenbezogener Daten \u00fcber Anmeldeformulare oder E-Mail-Nachrichten erfordert und dass diese verarbeitet und in die Dateien des Unternehmens als Eigent\u00fcmer und Verantwortlicher aufgenommen werden. Die vorgenannte \u00dcbermittlung personenbezogener Daten stellt eine ausdr\u00fcckliche, wenn auch widerrufliche und nicht r\u00fcckwirkende Zustimmung zur Verarbeitung dieser Daten dar.<\/p>\n<p>Wir informieren Sie au\u00dferdem dar\u00fcber, dass alle unsere Dateien rechtm\u00e4\u00dfig im Allgemeinen Register f\u00fcr personenbezogene Daten der spanischen Datenschutzbeh\u00f6rde eingetragen sind und dass zur Gew\u00e4hrleistung der Sicherheit Ihrer personenbezogenen Daten die technischen und organisatorischen Sicherheitsma\u00dfnahmen gem\u00e4\u00df dem K\u00f6niglichen Dekret 1720\/2007, das die Regelung der Sicherheitsma\u00dfnahmen f\u00fcr Dateien mit personenbezogenen Daten regelt, angewendet werden.<\/p>\n<p><strong>Verwendung Ihrer pers\u00f6nlichen Daten<\/strong><\/p>\n<p>Die Daten, um die wir Sie bitten, sind angemessen, sachdienlich und f\u00fcr den Zweck, f\u00fcr den sie erhoben werden, unbedingt erforderlich. Sie sind unter keinen Umst\u00e4nden verpflichtet, uns diese Daten zur Verf\u00fcgung zu stellen. Sie best\u00e4tigen uns au\u00dferdem, dass alle von Ihnen zur Verf\u00fcgung gestellten Informationen wahrheitsgem\u00e4\u00df, genau und f\u00fcr den Zweck, f\u00fcr den sie angefordert wurden, relevant sind.<\/p>\n<p>Auf unserer Website werden Ihre pers\u00f6nlichen Daten \u00fcber verschiedene Formulare und per E-Mail erfasst, wobei Sie uns um jede Art von Information, Klarstellung oder Zweifel bitten und uns sogar Ihren Lebenslauf schicken k\u00f6nnen. Mit der Zusendung dieser Daten erkl\u00e4ren Sie sich damit einverstanden, dass diese in unsere entsprechenden Dateien aufgenommen werden, sofern das Unternehmen dies f\u00fcr angebracht h\u00e4lt. Ihre Daten werden in unsere Datenverarbeitungsdateien aufgenommen und k\u00f6nnen auch an die Unternehmen unserer Gruppe zu kommerziellen und\/oder werblichen Zwecken oder zur Erbringung unserer Dienstleistungen weitergegeben werden.<\/p>\n<p>Das Unternehmen beh\u00e4lt sich das Recht vor, zu entscheiden, ob Ihre pers\u00f6nlichen Daten in seine Dateien aufgenommen werden oder nicht.<\/p>\n<p><strong>Recht auf Zugang, Berichtigung und L\u00f6schung Ihrer personenbezogenen Daten<\/strong><\/p>\n<p>Sie k\u00f6nnen sich jederzeit gegen die Zusendung von Werbesendungen wehren und Ihre Rechte auf Auskunft, Berichtigung und L\u00f6schung gem\u00e4\u00df den gesetzlichen Bestimmungen unter der zu Beginn dieses rechtlichen Hinweises angegebenen Adresse und Daten aus\u00fcben, indem Sie uns eine Kopie Ihres Personalausweises vorlegen.<\/p>\n<p><strong>Daten\u00fcbermittlung<\/strong><\/p>\n<p>Das Unternehmen teilt Ihnen mit, dass Ihre Daten vertraulich behandelt und ausschlie\u00dflich intern und zu den angegebenen Zwecken verwendet werden. Daher werden Ihre Daten nicht an Dritte weitergegeben oder \u00fcbermittelt, au\u00dfer in den gesetzlich vorgesehenen F\u00e4llen oder wenn der BENUTZER uns ausdr\u00fccklich dazu erm\u00e4chtigt.<\/p>\n<p><strong>Sicherheit Ihrer pers\u00f6nlichen Daten<\/strong><\/p>\n<p>Um die Sicherheit Ihrer personenbezogenen Daten zu gew\u00e4hrleisten, teilen wir Ihnen mit, dass das Unternehmen alle notwendigen technischen und organisatorischen Ma\u00dfnahmen ergriffen hat, um die Sicherheit der \u00fcbermittelten personenbezogenen Daten vor Ver\u00e4nderung, Verlust, unbefugter Verarbeitung oder unbefugtem Zugriff zu garantieren, wie es das K\u00f6nigliche Dekret 1720\/2007 zur Regelung der Sicherheitsma\u00dfnahmen f\u00fcr Dateien mit personenbezogenen Daten vorsieht.<\/p>\n<p><strong>Aktualisierung Ihrer Daten<\/strong><\/p>\n<p>Damit wir Ihre pers\u00f6nlichen Daten auf dem neuesten Stand halten k\u00f6nnen, ist es wichtig, dass Sie uns \u00fcber jede \u00c4nderung informieren, da wir andernfalls nicht f\u00fcr die Richtigkeit der Daten verantwortlich sind.<\/p>\n<p>Wir gehen davon aus, dass Sie auch dann, wenn Sie Ihre personenbezogenen Daten nicht ausdr\u00fccklich aus unseren Dateien l\u00f6schen, daran interessiert sind, dass sie weiterhin in diesen Dateien enthalten sind, bis das Unternehmen es f\u00fcr angemessen h\u00e4lt und solange es f\u00fcr den Zweck, f\u00fcr den sie erhoben wurden, angemessen ist.<\/p>\n<p>Das Unternehmen ist nicht verantwortlich f\u00fcr die Datenschutzpolitik in Bezug auf personenbezogene Daten, die \u00fcber die auf unserer Website verf\u00fcgbaren Links an Dritte weitergegeben werden k\u00f6nnen.<\/p>\n<p>Das Unternehmen kann diese Datenschutzrichtlinien \u00e4ndern, um sie an eventuelle \u00c4nderungen auf unserer Website sowie an eventuelle \u00c4nderungen der Gesetzgebung oder der Rechtsprechung in Bezug auf personenbezogene Daten anzupassen, und fordert Sie daher auf, sie jedes Mal zu lesen, wenn Sie uns Ihre Daten \u00fcber diese Website zur Verf\u00fcgung stellen.<\/p>\n<p><strong>Kekse<\/strong><\/p>\n<p>Der Zugriff auf diese Website kann die Verwendung von Cookies beinhalten. Cookies sind kleine Informationsmengen, die im von jedem Benutzer verwendeten Browser gespeichert werden, damit sich der Server bestimmte Informationen merkt, die sp\u00e4ter nur von dem Server gelesen werden, der sie implementiert hat, wie z. B. Sprache, letzte Verf\u00fcgbarkeitssuche, verweisende Website usw Cookies haben grunds\u00e4tzlich eine begrenzte Laufzeit.<\/p>\n<p>Kein Cookie auf dieser Website erm\u00f6glicht es Ihnen, den Benutzer \u00fcber die Telefonnummer, E-Mail-Adresse oder andere Kontaktm\u00f6glichkeiten zu kontaktieren. Kein Cookie auf dieser Website kann Informationen von der Festplatte des Benutzers extrahieren oder pers\u00f6nliche Informationen stehlen. Nutzer, die keine Cookies erhalten oder \u00fcber ihre Einstellung informiert werden m\u00f6chten, k\u00f6nnen ihren Browser zu diesem Zweck konfigurieren. Sie sollten sich jedoch dar\u00fcber im Klaren sein, dass Sie in diesem Fall m\u00f6glicherweise nicht alle Funktionen dieser Website vollumf\u00e4nglich nutzen k\u00f6nnen.<\/p>\n<p><strong>Google Analytics<\/strong><\/p>\n<p>Google Analytics verwendet auch \u201eCookies\u201c, um zu analysieren, wie Benutzer die Website nutzen. Die durch den Cookie erzeugten Informationen \u00fcber Ihre Benutzung diese Website (einschlie\u00dflich Ihrer IP-Adresse) wird direkt an einen Server von Google in den USA \u00fcbertragen und dort gespeichert. Google wird diese Informationen in unserem Auftrag verwenden, um Ihre Nutzung der Website zu verfolgen, Berichte \u00fcber die Website-Aktivit\u00e4t zusammenzustellen und andere Dienstleistungen im Zusammenhang mit der Website-Aktivit\u00e4t und der Internetnutzung bereitzustellen. Google wird diese Informationen gegebenenfalls an Dritte \u00fcbertragen, sofern dies gesetzlich vorgeschrieben oder soweit Dritte diese Daten im Auftrag von Google verarbeiten. Google wird Ihre IP-Adresse nicht mit anderen Daten von Google in Verbindung bringen. Sie k\u00f6nnen die Verarbeitung von Daten oder Informationen ablehnen, indem Sie die Verwendung von Cookies ablehnen, indem Sie die entsprechenden Einstellungen in Ihrem Browser vornehmen. Durch die Nutzung dieser Website erkl\u00e4ren Sie sich mit der Verarbeitung der \u00fcber Sie erhobenen Daten durch Google in der oben genannten Art und Weise und zu den oben genannten Zwecken einverstanden.<\/p>\n<h3>D. Verantwortlichkeiten<\/h3>\n<p>Indem wir dem Benutzer diese Website zur Verf\u00fcgung stellen, m\u00f6chten wir eine ganze Reihe qualitativ hochwertiger Inhalte und Dienste anbieten, wobei wir bei der Bereitstellung dieser Inhalte und den verwendeten technischen Mitteln gr\u00f6\u00dfte Sorgfalt walten lassen. Wir haften jedoch nicht f\u00fcr das Vorhandensein von Viren und anderen Elementen, die das Computersystem des Benutzers in irgendeiner Weise besch\u00e4digen k\u00f6nnen.<\/p>\n<p>Dem NUTZER ist jede Art von Aktion auf unserem Portal untersagt, die eine \u00fcberm\u00e4\u00dfige \u00dcberlastung des Betriebs unserer Computersysteme sowie die Einf\u00fchrung von Viren oder die Installation von Robotern oder Software zur Folge hat, die das normale Funktionieren unserer Website beeintr\u00e4chtigt dass es letztendlich zu Sch\u00e4den an unseren Computersystemen f\u00fchren kann.<\/p>\n<p>Der Nutzer \u00fcbernimmt die gesamte Verantwortung, die sich aus der Nutzung unserer Website ergibt, und tr\u00e4gt die alleinige Verantwortung f\u00fcr alle direkten oder indirekten Auswirkungen, die auf der Website entstehen k\u00f6nnen, einschlie\u00dflich, aber nicht beschr\u00e4nkt auf, etwaiger wirtschaftlicher, technischer und\/oder rechtlicher Folgen B. die Entt\u00e4uschung der durch unser Portal geweckten Erwartungen, wobei der Nutzer verpflichtet ist, das Unternehmen von jeglichen Anspr\u00fcchen freizustellen, die sich direkt oder indirekt aus solchen Ereignissen ergeben.<\/p>\n<p>Das Unternehmen ist von jeglicher Haftung f\u00fcr jegliche Anspr\u00fcche bez\u00fcglich der geistigen Eigentumsrechte der auf seinem Portal ver\u00f6ffentlichten Artikel und Bilder befreit und \u00fcbernimmt keine Garantie f\u00fcr die Richtigkeit, Richtigkeit und G\u00fcltigkeit der Inhalte dieser Website, unabh\u00e4ngig davon, ob es sich um eigene Inhalte, Inhalte Dritter oder verlinkte Websites handelt auf andere Websites \u00fcbertragen werden, wobei wir keinerlei Verantwortung \u00fcbernehmen, die sich aus der Nutzung dieser Websites ergibt.<\/p>\n<p>Das Unternehmen ist von jeglicher Haftung befreit, die sich aus Anspr\u00fcchen, einschlie\u00dflich der Zahlung von Anwaltskosten, f\u00fcr Forderungen und Anspr\u00fcche Dritter aufgrund der Nichteinhaltung unserer Nutzungsbedingungen, Zugangs- und Datenschutzrichtlinien oder anderer Bestimmungen durch den BENUTZER ergibt Klage wegen Nichteinhaltung der geltenden Gesetzgebung.<\/p>\n<p>Der NUTZER erkennt an, dass er alle Informationen zu den Nutzungsbedingungen unseres Portals verstanden hat und anerkennt, dass diese ausreichen, um den darin enthaltenen Fehler auszuschlie\u00dfen, und akzeptiert sie daher vollst\u00e4ndig und ausdr\u00fccklich.<\/p>\n<p>Der NUTZER ist sich dar\u00fcber im Klaren, dass das blo\u00dfe Surfen auf dieser Website sowie die Nutzung ihrer Dienste die Annahme dieser Nutzungsbedingungen voraussetzt.<\/p>\n<p>Alles, was mit unserer Website zusammenh\u00e4ngt, unterliegt ausschlie\u00dflich spanischem Recht. F\u00fcr den Fall, dass zwischen den Parteien Unstimmigkeiten oder Meinungsverschiedenheiten in Bezug auf die Auslegung und den Inhalt dieser Website auftreten, unterwerfen sich alle Parteien unter ausdr\u00fccklichem Verzicht auf eine andere Zust\u00e4ndigkeit den Gerichten und Tribunalen der Provinz der Stadt, in der das Unternehmen seinen Hauptsitz hat befinden sich.<\/p>\n<p>[\/et_pb_text][\/et_pb_column][\/et_pb_row][\/et_pb_section]<\/p>\n","protected":false},"excerpt":{"rendered":"<p>RECHTLICHESRechtlicher HinweisGem\u00e4\u00df dem spanischen Gesetz 34\/2002 \u00fcber die Dienste der Informationsgesellschaft und den elektronischen Handel informieren wir Sie dar\u00fcber, dass diese Website Eigentum von Gestores de Establecimientos Vacacionales Mallorca SL, B70721634, mit Sitz in C\/ Antelmo Obrador, 4, 07630 Campos, (Balearen, Spanien) ist. Bei Fragen oder Anregungen zu diesem rechtlichen Hinweis wenden Sie sich bitte [&hellip;]<\/p>\n","protected":false},"author":1,"featured_media":0,"parent":0,"menu_order":0,"comment_status":"closed","ping_status":"closed","template":"","meta":{"_et_pb_use_builder":"on","_et_pb_old_content":"","_et_gb_content_width":"","footnotes":""},"class_list":["post-407","page","type-page","status-publish","hentry"],"yoast_head":"<!-- This site is optimized with the Yoast SEO plugin v27.1.1 - https:\/\/yoast.com\/product\/yoast-seo-wordpress\/ -->\n<title>Rechtlicher Hinweis - Finca Son Vidal<\/title>\n<meta name=\"robots\" content=\"index, follow, max-snippet:-1, max-image-preview:large, max-video-preview:-1\" \/>\n<link rel=\"canonical\" href=\"https:\/\/fincasonvidal.com\/de\/rechtlicher-hinweis\/\" \/>\n<meta property=\"og:locale\" content=\"de_DE\" \/>\n<meta property=\"og:type\" content=\"article\" \/>\n<meta property=\"og:title\" content=\"Rechtlicher Hinweis - Finca Son Vidal\" \/>\n<meta property=\"og:description\" content=\"RECHTLICHESRechtlicher HinweisGem\u00e4\u00df dem spanischen Gesetz 34\/2002 \u00fcber die Dienste der Informationsgesellschaft und den elektronischen Handel informieren wir Sie dar\u00fcber, dass diese Website Eigentum von Gestores de Establecimientos Vacacionales Mallorca SL, B70721634, mit Sitz in C\/ Antelmo Obrador, 4, 07630 Campos, (Balearen, Spanien) ist. Bei Fragen oder Anregungen zu diesem rechtlichen Hinweis wenden Sie sich bitte [&hellip;]\" \/>\n<meta property=\"og:url\" content=\"https:\/\/fincasonvidal.com\/de\/rechtlicher-hinweis\/\" \/>\n<meta property=\"og:site_name\" content=\"Finca Son Vidal\" \/>\n<meta property=\"article:modified_time\" content=\"2024-07-25T08:05:22+00:00\" \/>\n<meta name=\"twitter:card\" content=\"summary_large_image\" \/>\n<meta name=\"twitter:label1\" content=\"Gesch\u00e4tzte Lesezeit\" \/>\n\t<meta name=\"twitter:data1\" content=\"12\u00a0Minuten\" \/>\n<script type=\"application\/ld+json\" class=\"yoast-schema-graph\">{\"@context\":\"https:\/\/schema.org\",\"@graph\":[{\"@type\":\"WebPage\",\"@id\":\"https:\/\/fincasonvidal.com\/de\/rechtlicher-hinweis\/\",\"url\":\"https:\/\/fincasonvidal.com\/de\/rechtlicher-hinweis\/\",\"name\":\"Rechtlicher Hinweis - Finca Son Vidal\",\"isPartOf\":{\"@id\":\"https:\/\/fincasonvidal.com\/de\/#website\"},\"datePublished\":\"2024-07-23T08:31:56+00:00\",\"dateModified\":\"2024-07-25T08:05:22+00:00\",\"breadcrumb\":{\"@id\":\"https:\/\/fincasonvidal.com\/de\/rechtlicher-hinweis\/#breadcrumb\"},\"inLanguage\":\"de\",\"potentialAction\":[{\"@type\":\"ReadAction\",\"target\":[\"https:\/\/fincasonvidal.com\/de\/rechtlicher-hinweis\/\"]}]},{\"@type\":\"BreadcrumbList\",\"@id\":\"https:\/\/fincasonvidal.com\/de\/rechtlicher-hinweis\/#breadcrumb\",\"itemListElement\":[{\"@type\":\"ListItem\",\"position\":1,\"name\":\"Portada\",\"item\":\"https:\/\/fincasonvidal.com\/de\/\"},{\"@type\":\"ListItem\",\"position\":2,\"name\":\"Rechtlicher Hinweis\"}]},{\"@type\":\"WebSite\",\"@id\":\"https:\/\/fincasonvidal.com\/de\/#website\",\"url\":\"https:\/\/fincasonvidal.com\/de\/\",\"name\":\"Finca Son Vidal\",\"description\":\"Tu refugio perfecto para descansar y disfrutar.\",\"potentialAction\":[{\"@type\":\"SearchAction\",\"target\":{\"@type\":\"EntryPoint\",\"urlTemplate\":\"https:\/\/fincasonvidal.com\/de\/?s={search_term_string}\"},\"query-input\":{\"@type\":\"PropertyValueSpecification\",\"valueRequired\":true,\"valueName\":\"search_term_string\"}}],\"inLanguage\":\"de\"}]}<\/script>\n<!-- \/ Yoast SEO plugin. -->","yoast_head_json":{"title":"Rechtlicher Hinweis - Finca Son Vidal","robots":{"index":"index","follow":"follow","max-snippet":"max-snippet:-1","max-image-preview":"max-image-preview:large","max-video-preview":"max-video-preview:-1"},"canonical":"https:\/\/fincasonvidal.com\/de\/rechtlicher-hinweis\/","og_locale":"de_DE","og_type":"article","og_title":"Rechtlicher Hinweis - Finca Son Vidal","og_description":"RECHTLICHESRechtlicher HinweisGem\u00e4\u00df dem spanischen Gesetz 34\/2002 \u00fcber die Dienste der Informationsgesellschaft und den elektronischen Handel informieren wir Sie dar\u00fcber, dass diese Website Eigentum von Gestores de Establecimientos Vacacionales Mallorca SL, B70721634, mit Sitz in C\/ Antelmo Obrador, 4, 07630 Campos, (Balearen, Spanien) ist. Bei Fragen oder Anregungen zu diesem rechtlichen Hinweis wenden Sie sich bitte [&hellip;]","og_url":"https:\/\/fincasonvidal.com\/de\/rechtlicher-hinweis\/","og_site_name":"Finca Son Vidal","article_modified_time":"2024-07-25T08:05:22+00:00","twitter_card":"summary_large_image","twitter_misc":{"Gesch\u00e4tzte Lesezeit":"12\u00a0Minuten"},"schema":{"@context":"https:\/\/schema.org","@graph":[{"@type":"WebPage","@id":"https:\/\/fincasonvidal.com\/de\/rechtlicher-hinweis\/","url":"https:\/\/fincasonvidal.com\/de\/rechtlicher-hinweis\/","name":"Rechtlicher Hinweis - Finca Son Vidal","isPartOf":{"@id":"https:\/\/fincasonvidal.com\/de\/#website"},"datePublished":"2024-07-23T08:31:56+00:00","dateModified":"2024-07-25T08:05:22+00:00","breadcrumb":{"@id":"https:\/\/fincasonvidal.com\/de\/rechtlicher-hinweis\/#breadcrumb"},"inLanguage":"de","potentialAction":[{"@type":"ReadAction","target":["https:\/\/fincasonvidal.com\/de\/rechtlicher-hinweis\/"]}]},{"@type":"BreadcrumbList","@id":"https:\/\/fincasonvidal.com\/de\/rechtlicher-hinweis\/#breadcrumb","itemListElement":[{"@type":"ListItem","position":1,"name":"Portada","item":"https:\/\/fincasonvidal.com\/de\/"},{"@type":"ListItem","position":2,"name":"Rechtlicher Hinweis"}]},{"@type":"WebSite","@id":"https:\/\/fincasonvidal.com\/de\/#website","url":"https:\/\/fincasonvidal.com\/de\/","name":"Finca Son Vidal","description":"Tu refugio perfecto para descansar y disfrutar.","potentialAction":[{"@type":"SearchAction","target":{"@type":"EntryPoint","urlTemplate":"https:\/\/fincasonvidal.com\/de\/?s={search_term_string}"},"query-input":{"@type":"PropertyValueSpecification","valueRequired":true,"valueName":"search_term_string"}}],"inLanguage":"de"}]}},"_links":{"self":[{"href":"https:\/\/fincasonvidal.com\/de\/wp-json\/wp\/v2\/pages\/407","targetHints":{"allow":["GET"]}}],"collection":[{"href":"https:\/\/fincasonvidal.com\/de\/wp-json\/wp\/v2\/pages"}],"about":[{"href":"https:\/\/fincasonvidal.com\/de\/wp-json\/wp\/v2\/types\/page"}],"author":[{"embeddable":true,"href":"https:\/\/fincasonvidal.com\/de\/wp-json\/wp\/v2\/users\/1"}],"replies":[{"embeddable":true,"href":"https:\/\/fincasonvidal.com\/de\/wp-json\/wp\/v2\/comments?post=407"}],"version-history":[{"count":5,"href":"https:\/\/fincasonvidal.com\/de\/wp-json\/wp\/v2\/pages\/407\/revisions"}],"predecessor-version":[{"id":456,"href":"https:\/\/fincasonvidal.com\/de\/wp-json\/wp\/v2\/pages\/407\/revisions\/456"}],"wp:attachment":[{"href":"https:\/\/fincasonvidal.com\/de\/wp-json\/wp\/v2\/media?parent=407"}],"curies":[{"name":"wp","href":"https:\/\/api.w.org\/{rel}","templated":true}]}}